{"id":24,"date":"2023-06-19T08:02:37","date_gmt":"2023-06-19T08:02:37","guid":{"rendered":"https:\/\/psychoterapia-ilonaborucka.pl\/?page_id=24"},"modified":"2025-03-07T16:53:12","modified_gmt":"2025-03-07T16:53:12","slug":"o-mnie","status":"publish","type":"page","link":"https:\/\/psychoterapia-ilonaborucka.pl\/","title":{"rendered":"O mnie"},"content":{"rendered":"\n<p>Jestem magistrem psychologii klinicznej, certyfikowan\u0105 psychoterapeutk\u0105 oraz analityczk\u0105 grupow\u0105. Uko\u0144czy\u0142am psychologi\u0119 kliniczn\u0105 na Uniwersytecie SWPS oraz ca\u0142o\u015bciowe podyplomowe\u00a0szkolenie w zakresie psychoterapii indywidualnej i grupowej w Instytucie Analizy Grupowej \u201eRaszt\u00f3w\u201d, gdzie uzyska\u0142am Certyfikat Psychoterapeuty oraz Certyfikat Analityka Grupowego. Szkolenie to jest akredytowane przez Polskie Towarzystwo Psychologiczne i Polskie Towarzystwo Psychiatryczne.\u00a0<br>Prowadz\u0119 psychoterapi\u0119 os\u00f3b doros\u0142ych w nurcie psychodynamicznym.\u00a0<br>Pracuj\u0119 na Oddziale Dziennym Zaburze\u0144 Nerwicowych oraz w Poradni Leczenia Nerwic Szpitala Nowowiejskiego przy ulicy Dolnej.\u00a0<\/p>\n\n\n\n<p><br>Do\u015bwiadczenie zawodowe zdobywa\u0142am w takich instytucjach, jak:&nbsp;<\/p>\n\n\n\n<ul>\n<li>Instytut Psychiatrii i Neurologii &#8211;&nbsp;Oddzia\u0142 Dzienny Kliniki Nerwic&nbsp;&#8211;&nbsp;Szpital Nowowiejski w Warszawie \u2013 Oddzia\u0142 XI Rehabilitacji Psychiatrycznej<\/li>\n<\/ul>\n\n\n\n<ul>\n<li>O\u015brodek Psychoterapii &#8222;Raszt\u00f3w&#8221;- Instytut Psychologii Zdrowia &#8211;&nbsp;&nbsp;Kryzysowy Telefon Zaufania 116 123<\/li>\n<\/ul>\n\n\n\n<p><br>Swoj\u0105 prac\u0119 poddaj\u0119 sta\u0142ej superwizji, a uczestnicz\u0105c regularnie w szkoleniach i konferencjach naukowych poszerzam swoj\u0105 wiedz\u0119 i doskonal\u0119 warsztat.&nbsp;<\/p>\n","protected":false},"excerpt":{"rendered":"<p>Jestem magistrem psychologii klinicznej, certyfikowan\u0105 psychoterapeutk\u0105 oraz analityczk\u0105 grupow\u0105. Uko\u0144czy\u0142am psychologi\u0119 kliniczn\u0105 na Uniwersytecie SWPS oraz ca\u0142o\u015bciowe podyplomowe\u00a0szkolenie w zakresie psychoterapii indywidualnej i grupowej w Instytucie Analizy Grupowej \u201eRaszt\u00f3w\u201d, gdzie uzyska\u0142am Certyfikat Psychoterapeuty oraz Certyfikat Analityka Grupowego. Szkolenie to jest akredytowane przez Polskie Towarzystwo Psychologiczne i Polskie Towarzystwo Psychiatryczne.\u00a0Prowadz\u0119 psychoterapi\u0119 os\u00f3b doros\u0142ych w nurcie psychodynamicznym.\u00a0Pracuj\u0119 &hellip; <\/p>\n<p class=\"link-more\"><a href=\"https:\/\/psychoterapia-ilonaborucka.pl\/\" class=\"more-link\">Czytaj dalej<span class=\"screen-reader-text\"> \u201eO mnie\u201d<\/span><\/a><\/p>\n","protected":false},"author":1,"featured_media":0,"parent":0,"menu_order":0,"comment_status":"closed","ping_status":"closed","template":"","meta":[],"_links":{"self":[{"href":"https:\/\/psychoterapia-ilonaborucka.pl\/index.php?rest_route=\/wp\/v2\/pages\/24"}],"collection":[{"href":"https:\/\/psychoterapia-ilonaborucka.pl\/index.php?rest_route=\/wp\/v2\/pages"}],"about":[{"href":"https:\/\/psychoterapia-ilonaborucka.pl\/index.php?rest_route=\/wp\/v2\/types\/page"}],"author":[{"embeddable":true,"href":"https:\/\/psychoterapia-ilonaborucka.pl\/index.php?rest_route=\/wp\/v2\/users\/1"}],"replies":[{"embeddable":true,"href":"https:\/\/psychoterapia-ilonaborucka.pl\/index.php?rest_route=%2Fwp%2Fv2%2Fcomments&post=24"}],"version-history":[{"count":5,"href":"https:\/\/psychoterapia-ilonaborucka.pl\/index.php?rest_route=\/wp\/v2\/pages\/24\/revisions"}],"predecessor-version":[{"id":68,"href":"https:\/\/psychoterapia-ilonaborucka.pl\/index.php?rest_route=\/wp\/v2\/pages\/24\/revisions\/68"}],"wp:attachment":[{"href":"https:\/\/psychoterapia-ilonaborucka.pl\/index.php?rest_route=%2Fwp%2Fv2%2Fmedia&parent=24"}],"curies":[{"name":"wp","href":"https:\/\/api.w.org\/{rel}","templated":true}]}}