{"id":30,"date":"2023-06-19T08:17:06","date_gmt":"2023-06-19T08:17:06","guid":{"rendered":"https:\/\/psychoterapia-ilonaborucka.pl\/?page_id=30"},"modified":"2023-06-19T08:26:09","modified_gmt":"2023-06-19T08:26:09","slug":"psychoterapia","status":"publish","type":"page","link":"https:\/\/psychoterapia-ilonaborucka.pl\/?page_id=30","title":{"rendered":"Psychoterapia"},"content":{"rendered":"\n<p>Psychoterapia mo\u017ce by\u0107 pomocna dla os\u00f3b, kt\u00f3re cierpi\u0105 z powodu r\u00f3\u017cnych \u017cyciowych trudno\u015bci i czuj\u0105, \u017ce potrzebuj\u0105 pomocy w ich rozwi\u0105zaniu. Pacjent wraz z terapeut\u0105 mo\u017ce si\u0119 przygl\u0105da\u0107 tym problemom i wsp\u00f3lnie zastanawia\u0107 si\u0119, co le\u017cy u ich podstaw. Psychoterapeuta nie jest osob\u0105, kt\u00f3ra udziela porad lub sugeruje pacjentowi, jakie powinien podj\u0105\u0107 decyzje, a pomaga w tym, \u017ceby sam pacjent zrozumia\u0142, jakie s\u0105 jego pragnienia i oczekiwania.&nbsp;Sesje trwaj\u0105 50 min. i odbywaj\u0105 si\u0119 raz lub dwa razy w tygodniu. D\u0142ugo\u015b\u0107 trwania psychoterapii zale\u017cy od tego, z jakimi trudno\u015bciami zg\u0142asza si\u0119 pacjent. O zako\u0144czeniu terapii decyduj\u0105 wsp\u00f3lnie pacjent z psychoterapeut\u0105.&nbsp;<\/p>\n\n\n\n<p>Pocz\u0105tkowo odbywaj\u0105 si\u0119 3-4 spotkania konsultacyjne, po kt\u00f3rych terapeuta wsp\u00f3lnie z pacjentem okre\u015bla, jaka dalsza praca psychoterapeutyczna b\u0119dzie dla niego wskazana.\u00a0<\/p>\n\n\n\n<p>Prowadz\u0119 r\u00f3wnie\u017c psychoterapi\u0119 online<\/p>\n","protected":false},"excerpt":{"rendered":"<p>Psychoterapia mo\u017ce by\u0107 pomocna dla os\u00f3b, kt\u00f3re cierpi\u0105 z powodu r\u00f3\u017cnych \u017cyciowych trudno\u015bci i czuj\u0105, \u017ce potrzebuj\u0105 pomocy w ich rozwi\u0105zaniu. Pacjent wraz z terapeut\u0105 mo\u017ce si\u0119 przygl\u0105da\u0107 tym problemom i wsp\u00f3lnie zastanawia\u0107 si\u0119, co le\u017cy u ich podstaw. Psychoterapeuta nie jest osob\u0105, kt\u00f3ra udziela porad lub sugeruje pacjentowi, jakie powinien podj\u0105\u0107 decyzje, a pomaga &hellip; <\/p>\n<p class=\"link-more\"><a href=\"https:\/\/psychoterapia-ilonaborucka.pl\/?page_id=30\" class=\"more-link\">Czytaj dalej<span class=\"screen-reader-text\"> \u201ePsychoterapia\u201d<\/span><\/a><\/p>\n","protected":false},"author":1,"featured_media":0,"parent":0,"menu_order":0,"comment_status":"closed","ping_status":"closed","template":"","meta":[],"_links":{"self":[{"href":"https:\/\/psychoterapia-ilonaborucka.pl\/index.php?rest_route=\/wp\/v2\/pages\/30"}],"collection":[{"href":"https:\/\/psychoterapia-ilonaborucka.pl\/index.php?rest_route=\/wp\/v2\/pages"}],"about":[{"href":"https:\/\/psychoterapia-ilonaborucka.pl\/index.php?rest_route=\/wp\/v2\/types\/page"}],"author":[{"embeddable":true,"href":"https:\/\/psychoterapia-ilonaborucka.pl\/index.php?rest_route=\/wp\/v2\/users\/1"}],"replies":[{"embeddable":true,"href":"https:\/\/psychoterapia-ilonaborucka.pl\/index.php?rest_route=%2Fwp%2Fv2%2Fcomments&post=30"}],"version-history":[{"count":2,"href":"https:\/\/psychoterapia-ilonaborucka.pl\/index.php?rest_route=\/wp\/v2\/pages\/30\/revisions"}],"predecessor-version":[{"id":42,"href":"https:\/\/psychoterapia-ilonaborucka.pl\/index.php?rest_route=\/wp\/v2\/pages\/30\/revisions\/42"}],"wp:attachment":[{"href":"https:\/\/psychoterapia-ilonaborucka.pl\/index.php?rest_route=%2Fwp%2Fv2%2Fmedia&parent=30"}],"curies":[{"name":"wp","href":"https:\/\/api.w.org\/{rel}","templated":true}]}}