{"id":36,"date":"2023-06-19T08:20:56","date_gmt":"2023-06-19T08:20:56","guid":{"rendered":"https:\/\/psychoterapia-ilonaborucka.pl\/?page_id=36"},"modified":"2025-03-07T17:03:20","modified_gmt":"2025-03-07T17:03:20","slug":"kontakt","status":"publish","type":"page","link":"https:\/\/psychoterapia-ilonaborucka.pl\/?page_id=36","title":{"rendered":"Kontakt"},"content":{"rendered":"\n<p>Telefon: <a href=\"tel:+48507749470\">507 749 470<\/a> &#8211; je\u015bli nie odbieram telefonu, to prosz\u0119 o pozostawienie wiadomo\u015bci g\u0142osowej lub wys\u0142anie sms, to oddzwoni\u0119<\/p>\n\n\n\n<p>email: <a href=\"mailto:ilona.borucka@gmail.com\">ilona.borucka@gmail.com<\/a><\/p>\n\n\n\n<p>We wtorki oraz w czwartki psychoterapia odbywa si\u0119 w gabinecie w \u0141omiankach, w \u015brody w gabinecie na Saskiej K\u0119pie <\/p>\n","protected":false},"excerpt":{"rendered":"<p>Telefon: 507 749 470 &#8211; je\u015bli nie odbieram telefonu, to prosz\u0119 o pozostawienie wiadomo\u015bci g\u0142osowej lub wys\u0142anie sms, to oddzwoni\u0119 email: ilona.borucka@gmail.com We wtorki oraz w czwartki psychoterapia odbywa si\u0119 w gabinecie w \u0141omiankach, w \u015brody w gabinecie na Saskiej K\u0119pie<\/p>\n","protected":false},"author":1,"featured_media":0,"parent":0,"menu_order":0,"comment_status":"closed","ping_status":"closed","template":"","meta":[],"_links":{"self":[{"href":"https:\/\/psychoterapia-ilonaborucka.pl\/index.php?rest_route=\/wp\/v2\/pages\/36"}],"collection":[{"href":"https:\/\/psychoterapia-ilonaborucka.pl\/index.php?rest_route=\/wp\/v2\/pages"}],"about":[{"href":"https:\/\/psychoterapia-ilonaborucka.pl\/index.php?rest_route=\/wp\/v2\/types\/page"}],"author":[{"embeddable":true,"href":"https:\/\/psychoterapia-ilonaborucka.pl\/index.php?rest_route=\/wp\/v2\/users\/1"}],"replies":[{"embeddable":true,"href":"https:\/\/psychoterapia-ilonaborucka.pl\/index.php?rest_route=%2Fwp%2Fv2%2Fcomments&post=36"}],"version-history":[{"count":6,"href":"https:\/\/psychoterapia-ilonaborucka.pl\/index.php?rest_route=\/wp\/v2\/pages\/36\/revisions"}],"predecessor-version":[{"id":71,"href":"https:\/\/psychoterapia-ilonaborucka.pl\/index.php?rest_route=\/wp\/v2\/pages\/36\/revisions\/71"}],"wp:attachment":[{"href":"https:\/\/psychoterapia-ilonaborucka.pl\/index.php?rest_route=%2Fwp%2Fv2%2Fmedia&parent=36"}],"curies":[{"name":"wp","href":"https:\/\/api.w.org\/{rel}","templated":true}]}}