{"id":50,"date":"2023-06-19T08:55:39","date_gmt":"2023-06-19T08:55:39","guid":{"rendered":"https:\/\/psychoterapia-ilonaborucka.pl\/?page_id=50"},"modified":"2025-03-03T10:41:42","modified_gmt":"2025-03-03T10:41:42","slug":"cennik-3","status":"publish","type":"page","link":"https:\/\/psychoterapia-ilonaborucka.pl\/?page_id=50","title":{"rendered":"Cennik"},"content":{"rendered":"\n<p>Psychoterapia indywidualna w j\u0119zyku polskim &#8211; 200 z\u0142 (50 min.)<\/p>\n\n\n\n<p>Psychoterapia indywidualna w j\u0119zyku angielskim &#8211; 240 z\u0142 (50 min.)<\/p>\n\n\n\n<p>Konsultacja psychologiczna w j\u0119zyku polskim &#8211; 220 z\u0142 (50 min.)<\/p>\n\n\n\n<p>Konsultacja psychologiczna w j\u0119zyku angielskim &#8211; 260 z\u0142 (50 min.)<\/p>\n","protected":false},"excerpt":{"rendered":"<p>Psychoterapia indywidualna w j\u0119zyku polskim &#8211; 200 z\u0142 (50 min.) Psychoterapia indywidualna w j\u0119zyku angielskim &#8211; 240 z\u0142 (50 min.) Konsultacja psychologiczna w j\u0119zyku polskim &#8211; 220 z\u0142 (50 min.) Konsultacja psychologiczna w j\u0119zyku angielskim &#8211; 260 z\u0142 (50 min.)<\/p>\n","protected":false},"author":1,"featured_media":0,"parent":0,"menu_order":0,"comment_status":"closed","ping_status":"closed","template":"","meta":[],"_links":{"self":[{"href":"https:\/\/psychoterapia-ilonaborucka.pl\/index.php?rest_route=\/wp\/v2\/pages\/50"}],"collection":[{"href":"https:\/\/psychoterapia-ilonaborucka.pl\/index.php?rest_route=\/wp\/v2\/pages"}],"about":[{"href":"https:\/\/psychoterapia-ilonaborucka.pl\/index.php?rest_route=\/wp\/v2\/types\/page"}],"author":[{"embeddable":true,"href":"https:\/\/psychoterapia-ilonaborucka.pl\/index.php?rest_route=\/wp\/v2\/users\/1"}],"replies":[{"embeddable":true,"href":"https:\/\/psychoterapia-ilonaborucka.pl\/index.php?rest_route=%2Fwp%2Fv2%2Fcomments&post=50"}],"version-history":[{"count":2,"href":"https:\/\/psychoterapia-ilonaborucka.pl\/index.php?rest_route=\/wp\/v2\/pages\/50\/revisions"}],"predecessor-version":[{"id":66,"href":"https:\/\/psychoterapia-ilonaborucka.pl\/index.php?rest_route=\/wp\/v2\/pages\/50\/revisions\/66"}],"wp:attachment":[{"href":"https:\/\/psychoterapia-ilonaborucka.pl\/index.php?rest_route=%2Fwp%2Fv2%2Fmedia&parent=50"}],"curies":[{"name":"wp","href":"https:\/\/api.w.org\/{rel}","templated":true}]}}